{"id":10761,"date":"2025-01-17T16:34:04","date_gmt":"2025-01-17T13:34:04","guid":{"rendered":"https:\/\/ciaica.proxymo.net\/?page_id=10761"},"modified":"2025-03-06T16:07:24","modified_gmt":"2025-03-06T13:07:24","slug":"antalya","status":"publish","type":"page","link":"https:\/\/ceaika-tur.md\/ru\/antalya\/","title":{"rendered":"\u0410\u043d\u0442\u0430\u043b\u044c\u044f"},"content":{"rendered":"<div class=\"wpb-content-wrapper\"><div class=\"vc_row wpb_row st bg-holder\"><div class='container'><div class='row'>\n\t<div class=\"wpb_column column_container col-md-12\"><div class=\"vc_column-inner wpb_wrapper\">\n\t\t\t\n\t<div class=\"wpb_raw_code wpb_raw_html wpb_content_element\" >\n\t\t<div class=\"wpb_wrapper\">\n\t\t\t<!DOCTYPE html>\n<html lang=\"en\">\n<head>\n  <meta charset=\"UTF-8\">\n  <meta name=\"viewport\" content=\"width=device-width, initial-scale=1.0\">\n  <title>Antalya, Turcia<\/title>\n  <style>\n    * {\n      box-sizing: border-box;\n      margin: 0;\n      padding: 0;\n    }\n\n    body {\n      font-family: 'Georgia', serif;\n      line-height: 1.6;\n      color: #333;\n      background-color: #f9f9f9;\n    }\n\n    .section-banner {\n      position: relative;\n      height: 60vh;\n      background: url('https:\/\/content.r9cdn.net\/rimg\/dimg\/2b\/07\/b7a4f405-city-1669-1545e127438.jpg?crop=true&width=1020&height=498') no-repeat center center\/cover;\n      display: flex;\n      align-items: center;\n      justify-content: center;\n      color: #fff;\n      text-align: center;\n    }\n\n    .section-banner h1 {\n      font-size: 3rem;\n      background: rgba(4, 42, 103, 0.7);\n      padding: 15px 30px;\n      border-radius: 10px;\n      box-shadow: 0 4px 8px rgba(0, 0, 0, 0.3);\n    }\n\n    .content {\n      max-width: 1200px;\n      margin: 20px auto;\n      padding: 20px;\n      background: #fff;\n      border-radius: 10px;\n      box-shadow: 0 4px 8px rgba(0, 0, 0, 0.1);\n    }\n\n    .tabs {\n      display: flex;\n      gap: 10px;\n      margin-bottom: 20px;\n    }\n\n    .tabs button {\n      flex: 1;\n      padding: 10px 20px;\n      font-size: 16px;\n      border: 2px solid #042A67;\n      background-color: #f9f9f9;\n      color: #042A67;\n      border-radius: 5px;\n      cursor: pointer;\n      transition: all 0.3s ease;\n    }\n\n    .tabs button:hover,\n    .tabs button.active {\n      background-color: #042A67;\n      color: #fff;\n    }\n\n    .tab-content {\n      display: none;\n      animation: fadeIn 0.5s;\n    }\n\n    .tab-content.active {\n      display: block;\n    }\n\n    .tab-content h2 {\n      font-size: 2rem;\n      color: #042A67;\n      margin-bottom: 15px;\n    }\n\n    .tab-content p,\n    .tab-content ul {\n      margin-bottom: 15px;\n    }\n\n    .tab-content ul li {\n      margin-bottom: 10px;\n    }\n\n    .tab-content ul li strong {\n      color: #042A67;\n    }\n\n    .images {\n      display: flex;\n      gap: 10px;\n      margin-top: 20px;\n    }\n\n    .images img {\n      width: 100%;\n      height: 200px;\n      object-fit: cover;\n      border-radius: 8px;\n      box-shadow: 0 4px 8px rgba(0, 0, 0, 0.1);\n      transition: transform 0.3s ease;\n    }\n\n    .images img:hover {\n      transform: scale(1.05);\n    }\n\n    @keyframes fadeIn {\n      from {\n        opacity: 0;\n      }\n      to {\n        opacity: 1;\n      }\n    }\n\n@media (max-width: 1191px) {\n    .images {\n      flex-wrap: wrap;\n      gap: 10px;\n    }\n\n    .images img {\n      height: 180px; \/* Ajustare pentru dimensiuni medii *\/\n    }\n .tabs {\n        flex-wrap: wrap;\n      }\n\n      .tabs button {\n        flex: 1 1 calc(50% - 10px);\n        font-size: 14px;\n      }\n \n  }\n    @media (max-width: 768px) {\n      .images {\n        flex-wrap: wrap;\n        gap: 5px;\n      }\n\n      .images img {\n        height: 150px;\n      }\n\n      .tabs {\n        flex-wrap: wrap;\n      }\n\n      .tabs button {\n        flex: 1 1 calc(50% - 10px);\n        font-size: 14px;\n      }\n    }\n\n    @media (max-width: 480px) {\n      .images img {\n        height: 100px;\n      }\n    }\n  <\/style>\n<\/head>\n<body>\n\n<div class=\"section-banner\">\n  <h1>\u0410\u043d\u0442\u0430\u043b\u0438\u044f, \u0422\u0443\u0440\u0446\u0438\u044f \u2013 \u0416\u0435\u043c\u0447\u0443\u0436\u0438\u043d\u0430 \u0422\u0443\u0440\u0435\u0446\u043a\u043e\u0439 \u0420\u0438\u0432\u044c\u0435\u0440\u044b<\/h1>\n<\/div>\n\n<div class=\"content\">\n  <div class=\"tabs\">\n    <button class=\"tab-link active\" data-tab=\"tab1\">\u041e\u0431 \u0410\u043d\u0442\u0430\u043b\u0438\u0438<\/button>\n    <button class=\"tab-link\" data-tab=\"tab2\">\u0414\u043e\u0441\u0442\u043e\u043f\u0440\u0438\u043c\u0435\u0447\u0430\u0442\u0435\u043b\u044c\u043d\u043e\u0441\u0442\u0438 \u0438 \u0440\u0430\u0437\u0432\u043b\u0435\u0447\u0435\u043d\u0438\u044f<\/button>\n    <button class=\"tab-link\" data-tab=\"tab3\">\u041a\u043b\u0438\u043c\u0430\u0442<\/button>\n    <button class=\"tab-link\" data-tab=\"tab4\">\u0413\u0430\u0441\u0442\u0440\u043e\u043d\u043e\u043c\u0438\u044f<\/button>\n  <\/div>\n\n  <div id=\"tab1\" class=\"tab-content active\">\n    <h2>\u041e\u0431 \u0410\u043d\u0442\u0430\u043b\u0438\u0438<\/h2>\n    <p>\u0410\u043d\u0442\u0430\u043b\u0438\u044f \u2014 \u044d\u0442\u043e \u043f\u043e\u043f\u0443\u043b\u044f\u0440\u043d\u043e\u0435 \u0442\u0443\u0440\u0438\u0441\u0442\u0438\u0447\u0435\u0441\u043a\u043e\u0435 \u043d\u0430\u043f\u0440\u0430\u0432\u043b\u0435\u043d\u0438\u0435, \u0440\u0430\u0441\u043f\u043e\u043b\u043e\u0436\u0435\u043d\u043d\u043e\u0435 \u043d\u0430 \u044e\u0436\u043d\u043e\u043c \u043f\u043e\u0431\u0435\u0440\u0435\u0436\u044c\u0435 \u0422\u0443\u0440\u0446\u0438\u0438, \u0438\u0437\u0432\u0435\u0441\u0442\u043d\u043e\u0435 \u043a\u0430\u043a \u0422\u0443\u0440\u0435\u0446\u043a\u0430\u044f \u0420\u0438\u0432\u044c\u0435\u0440\u0430. \u042d\u0442\u043e\u0442 \u0440\u0435\u0433\u0438\u043e\u043d \u0438\u0434\u0435\u0430\u043b\u044c\u043d\u043e \u0441\u043e\u0447\u0435\u0442\u0430\u0435\u0442 \u043f\u0440\u0438\u0440\u043e\u0434\u043d\u0443\u044e \u043a\u0440\u0430\u0441\u043e\u0442\u0443, \u0431\u043e\u0433\u0430\u0442\u043e\u0435 \u0438\u0441\u0442\u043e\u0440\u0438\u0447\u0435\u0441\u043a\u043e\u0435 \u043d\u0430\u0441\u043b\u0435\u0434\u0438\u0435 \u0438 \u0433\u043e\u0441\u0442\u0435\u043f\u0440\u0438\u0438\u043c\u0441\u0442\u0432\u043e \u0442\u0443\u0440\u0435\u0446\u043a\u043e\u0433\u043e \u043d\u0430\u0440\u043e\u0434\u0430.<\/p>\n    <div class=\"images\">\n      <img decoding=\"async\" src=\"https:\/\/as1.ftcdn.net\/v2\/jpg\/01\/19\/15\/36\/1000_F_119153635_jDcbKysuPwuUUOWhBm5BlucQutN5vg2U.jpg\" alt=\"Antalya 1\">\n      <img decoding=\"async\" src=\"https:\/\/turquiaexclusiva.com\/wp-content\/uploads\/2024\/06\/que-ver-en-antalya.jpg\" alt=\"Antalya 2\">\n      <img decoding=\"async\" src=\"https:\/\/dynamic-media-cdn.tripadvisor.com\/media\/photo-o\/17\/94\/3a\/9a\/exterior.jpg?w=1200&h=-1&s=1\" alt=\"Antalya 3\">\n    <\/div>\n  <\/div>\n\n  <div id=\"tab2\" class=\"tab-content\">\n    <h2>\u0414\u043e\u0441\u0442\u043e\u043f\u0440\u0438\u043c\u0435\u0447\u0430\u0442\u0435\u043b\u044c\u043d\u043e\u0441\u0442\u0438 \u0438 \u0440\u0430\u0437\u0432\u043b\u0435\u0447\u0435\u043d\u0438\u044f<\/h2>\n    <ul>\n      <li><strong>\u0418\u0437\u0432\u0435\u0441\u0442\u043d\u044b\u0435 \u043f\u043b\u044f\u0436\u0438:<\/strong> \u041b\u0430\u0440\u0430 \u0438 \u041a\u043e\u043d\u044c\u044f\u0430\u043b\u0442\u044b \u0438\u0434\u0435\u0430\u043b\u044c\u043d\u043e \u043f\u043e\u0434\u0445\u043e\u0434\u044f\u0442 \u0434\u043b\u044f \u043e\u0442\u0434\u044b\u0445\u0430.<\/li>\n      <li><strong>\u0421\u0442\u0430\u0440\u044b\u0439 \u0433\u043e\u0440\u043e\u0434:<\/strong> \u0422\u0440\u0430\u0434\u0438\u0446\u0438\u043e\u043d\u043d\u0430\u044f \u0430\u0442\u043c\u043e\u0441\u0444\u0435\u0440\u0430 \u0433\u043e\u0440\u043e\u0434\u0430 \u0437\u0430\u0432\u043e\u0440\u0430\u0436\u0438\u0432\u0430\u0435\u0442.<\/li>\n      <li><strong>\u0412\u043e\u0434\u043e\u043f\u0430\u0434 \u0414\u044e\u0434\u0435\u043d:<\/strong> \u0417\u0430\u0445\u0432\u0430\u0442\u044b\u0432\u0430\u044e\u0449\u0438\u0435 \u0432\u0438\u0434\u044b.<\/li>\n    <\/ul>\n    <div class=\"images\">\n      <img decoding=\"async\" src=\"https:\/\/travelplanner.ro\/blog\/wp-content\/uploads\/2023\/12\/Konyaalti-Beach-1-2.jpg.webp\" alt=\"Atrac\u021bii 1\">\n      <img decoding=\"async\" src=\"https:\/\/i.ytimg.com\/vi\/kr-iqPdNNnw\/maxresdefault.jpg\" alt=\"Atrac\u021bii 2\">\n      <img decoding=\"async\" src=\"https:\/\/res.klook.com\/image\/upload\/c_fill,w_750,h_750\/q_80\/w_80,x_15,y_15,g_south_west,l_Klook_water_br_trans_yhcmh3\/activities\/uxnbsejoicyjafldobkn.jpg\" alt=\"Atrac\u021bii 3\">\n    <\/div>\n  <\/div>\n\n  <div id=\"tab3\" class=\"tab-content\">\n    <h2>\u041a\u043b\u0438\u043c\u0430\u0442<\/h2>\n    <p>\u0410\u043d\u0442\u0430\u043b\u0438\u044f \u0438\u043c\u0435\u0435\u0442 \u0441\u0440\u0435\u0434\u0438\u0437\u0435\u043c\u043d\u043e\u043c\u043e\u0440\u0441\u043a\u0438\u0439 \u043a\u043b\u0438\u043c\u0430\u0442, \u043a\u043e\u0442\u043e\u0440\u044b\u0439 \u0445\u0430\u0440\u0430\u043a\u0442\u0435\u0440\u0438\u0437\u0443\u0435\u0442\u0441\u044f \u0436\u0430\u0440\u043a\u0438\u043c \u0438 \u0441\u0443\u0445\u0438\u043c \u043b\u0435\u0442\u043e\u043c, \u0430 \u0442\u0430\u043a\u0436\u0435 \u043c\u044f\u0433\u043a\u043e\u0439 \u0438 \u0434\u043e\u0436\u0434\u043b\u0438\u0432\u043e\u0439 \u0437\u0438\u043c\u043e\u0439.<\/p>\n    <div class=\"images\">\n      <img decoding=\"async\" src=\"https:\/\/www.bizevdeyokuz.com\/wp-content\/uploads\/antalya-kas-kaputas-plaji.jpg\" alt=\"Clima 1\">\n      <img decoding=\"async\" src=\"https:\/\/www.bizevdeyokuz.com\/wp-content\/uploads\/antalya-gezilecek-yerler-1.jpg\" alt=\"Clima 2\">\n      <img decoding=\"async\" src=\"https:\/\/i0.wp.com\/sweettravelbee.com\/wp-content\/uploads\/2022\/05\/img_9028.jpg?resize=1200%2C899&ssl=1\" alt=\"Clima 3\">\n    <\/div>\n  <\/div>\n\n  <div id=\"tab4\" class=\"tab-content\">\n    <h2>\u0413\u0430\u0441\u0442\u0440\u043e\u043d\u043e\u043c\u0438\u044f<\/h2>\n    <ul>\n      <li><strong>\u0420\u0430\u0437\u043d\u043e\u043e\u0431\u0440\u0430\u0437\u043d\u044b\u0435 \u043a\u0435\u0431\u0430\u0431\u044b:<\/strong> \u0417\u043d\u0430\u043c\u0435\u043d\u0438\u0442\u044b\u0435 \u0410\u0434\u0430\u043d\u0430 \u0438 \u0428\u0438\u0448 \u043a\u0435\u0431\u0430\u0431\u044b.<\/li>\n      <li><strong>\u0411\u0430\u043a\u043b\u0430\u0432\u0430:<\/strong> \u0417\u043d\u0430\u043c\u0435\u043d\u0438\u0442\u044b\u0439 \u0434\u0435\u0441\u0435\u0440\u0442 \u0422\u0443\u0440\u0446\u0438\u0438.<\/li>\n      <li><strong>\u041c\u043e\u0440\u0435\u043f\u0440\u043e\u0434\u0443\u043a\u0442\u044b:<\/strong> \u0421\u0432\u0435\u0436\u0438\u0435, \u0445\u0430\u0440\u0430\u043a\u0442\u0435\u0440\u043d\u044b\u0435 \u0434\u043b\u044f \u043f\u043e\u0431\u0435\u0440\u0435\u0436\u044c\u044f \u0421\u0440\u0435\u0434\u0438\u0437\u0435\u043c\u043d\u043e\u0433\u043e \u043c\u043e\u0440\u044f.<\/li>\n    <\/ul>\n    <div class=\"images\">\n      <img decoding=\"async\" src=\"https:\/\/substackcdn.com\/image\/fetch\/f_auto,q_auto:good,fl_progressive:steep\/https%3A%2F%2Fsubstack-post-media.s3.amazonaws.com%2Fpublic%2Fimages%2Fae16b1f5-e3ba-4a61-a9f7-b3dd474f6d1a_1200x1200.jpeg\" alt=\"Gastronomie 1\">\n      <img decoding=\"async\" src=\"https:\/\/upload.wikimedia.org\/wikipedia\/commons\/c\/c7\/Baklava%281%29.png\" alt=\"Gastronomie 2\">\n      <img decoding=\"async\" src=\"https:\/\/getfish.com.au\/cdn\/shop\/articles\/Step_3_-_Seafood_Boil_a1d45dbd-33dd-464c-a493-d6e436765e6c.png?v=1726890668\" alt=\"Gastronomie 3\">\n    <\/div>\n  <\/div>\n<\/div>\n\n<script>\n  const tabLinks = document.querySelectorAll('.tab-link');\n  const tabContents = document.querySelectorAll('.tab-content');\n\n  tabLinks.forEach(link => {\n    link.addEventListener('click', () => {\n      tabLinks.forEach(item => item.classList.remove('active'));\n      tabContents.forEach(content => content.classList.remove('active'));\n\n      link.classList.add('active');\n      document.getElementById(link.dataset.tab).classList.add('active');\n    });\n  });\n<\/script>\n\n<\/body>\n<\/html>\n\n\t\t<\/div>\n\t<\/div>\n<div class=\"vc_empty_space\"   style=\"height: 32px\"><span class=\"vc_empty_space_inner\"><\/span><\/div><\/div>\n\t<\/div> \n<\/div><!--End .row--><\/div><!--End .container--><\/div><div class=\"vc_row wpb_row st bg-holder\"><div class='container'><div class='row'>\n\t<div class=\"wpb_column column_container col-md-12\"><div class=\"vc_column-inner wpb_wrapper\">\n\t\t\t\n\t<div class=\"wpb_raw_code wpb_raw_html wpb_content_element\" >\n\t\t<div class=\"wpb_wrapper\">\n\t\t\t<div class='block_promo_prices' category_id='12' limit='3'><\/div>\n\t\t<\/div>\n\t<\/div>\n<div class=\"vc_empty_space\"   style=\"height: 32px\"><span class=\"vc_empty_space_inner\"><\/span><\/div><\/div>\n\t<\/div> \n<\/div><!--End .row--><\/div><!--End .container--><\/div>\n<\/div>","protected":false},"excerpt":{"rendered":"Antalya, Turcia Antalya, Turcia \u2013 Perla Rivierei Turce\u0219ti Despre Antalya Atrac\u021bii \u0219i Activit\u0103\u021bi Clima Gastronomie Despre Antalya Antalya este o destina\u021bie turistic\u0103 de top, situat\u0103 pe coasta de sud a Turciei, cunoscut\u0103 sub numele de Riviera Turceasc\u0103. Aceast\u0103 regiune combin\u0103 perfect frumuse\u021bea natural\u0103, mo\u0219tenirea istoric\u0103 bogat\u0103 \u0219i ospitalitatea turceasc\u0103. Atrac\u021bii \u0219i Activit\u0103\u021bi Plajele renumite: Lara [...]","protected":false},"author":1,"featured_media":10581,"parent":0,"menu_order":0,"comment_status":"closed","ping_status":"closed","template":"","meta":{"footnotes":""},"class_list":["post-10761","page","type-page","status-publish","has-post-thumbnail","hentry"],"_links":{"self":[{"href":"https:\/\/ceaika-tur.md\/ru\/wp-json\/wp\/v2\/pages\/10761","targetHints":{"allow":["GET"]}}],"collection":[{"href":"https:\/\/ceaika-tur.md\/ru\/wp-json\/wp\/v2\/pages"}],"about":[{"href":"https:\/\/ceaika-tur.md\/ru\/wp-json\/wp\/v2\/types\/page"}],"author":[{"embeddable":true,"href":"https:\/\/ceaika-tur.md\/ru\/wp-json\/wp\/v2\/users\/1"}],"replies":[{"embeddable":true,"href":"https:\/\/ceaika-tur.md\/ru\/wp-json\/wp\/v2\/comments?post=10761"}],"version-history":[{"count":33,"href":"https:\/\/ceaika-tur.md\/ru\/wp-json\/wp\/v2\/pages\/10761\/revisions"}],"predecessor-version":[{"id":11696,"href":"https:\/\/ceaika-tur.md\/ru\/wp-json\/wp\/v2\/pages\/10761\/revisions\/11696"}],"wp:featuredmedia":[{"embeddable":true,"href":"https:\/\/ceaika-tur.md\/ru\/wp-json\/wp\/v2\/media\/10581"}],"wp:attachment":[{"href":"https:\/\/ceaika-tur.md\/ru\/wp-json\/wp\/v2\/media?parent=10761"}],"curies":[{"name":"wp","href":"https:\/\/api.w.org\/{rel}","templated":true}]}}