{"id":10787,"date":"2025-01-17T17:35:01","date_gmt":"2025-01-17T14:35:01","guid":{"rendered":"https:\/\/ciaica.proxymo.net\/?page_id=10787"},"modified":"2025-03-06T16:11:04","modified_gmt":"2025-03-06T13:11:04","slug":"side","status":"publish","type":"page","link":"https:\/\/ceaika-tur.md\/ru\/side\/","title":{"rendered":"\u0421\u0438\u0434\u0435"},"content":{"rendered":"<div class=\"wpb-content-wrapper\"><div class=\"vc_row wpb_row st bg-holder\"><div class='container'><div class='row'>\n\t<div class=\"wpb_column column_container col-md-12\"><div class=\"vc_column-inner wpb_wrapper\">\n\t\t\t\n\t<div class=\"wpb_raw_code wpb_raw_html wpb_content_element\" >\n\t\t<div class=\"wpb_wrapper\">\n\t\t\t<!DOCTYPE html>\n<html lang=\"en\">\n<head>\n  <meta charset=\"UTF-8\">\n  <meta name=\"viewport\" content=\"width=device-width, initial-scale=1.0\">\n  <title>Side, Turcia<\/title>\n  <style>\n    * {\n      box-sizing: border-box;\n      margin: 0;\n      padding: 0;\n    }\n\n    body {\n      font-family: 'Georgia', serif;\n      line-height: 1.6;\n      color: #333;\n      background-color: #f9f9f9;\n    }\n\n    .section-banner {\n      position: relative;\n      height: 60vh;\n      background: url('https:\/\/barutgoia.com\/uploads\/03-2024\/barut-goia-shutterstock-2326136729_1709639846.jpg') no-repeat center center\/cover;\n      display: flex;\n      align-items: center;\n      justify-content: center;\n      color: #fff;\n      text-align: center;\n    }\n\n    .section-banner h1 {\n      font-size: 3rem;\n      background: rgba(4, 42, 103, 0.7);\n      padding: 15px 30px;\n      border-radius: 10px;\n      box-shadow: 0 4px 8px rgba(0, 0, 0, 0.3);\n    }\n\n    .content {\n      max-width: 1200px;\n      margin: 20px auto;\n      padding: 20px;\n      background: #fff;\n      border-radius: 10px;\n      box-shadow: 0 4px 8px rgba(0, 0, 0, 0.1);\n    }\n\n    .tabs {\n      display: flex;\n      gap: 10px;\n      margin-bottom: 20px;\n    }\n\n    .tabs button {\n      flex: 1;\n      padding: 10px 20px;\n      font-size: 16px;\n      border: 2px solid #042A67;\n      background-color: #f9f9f9;\n      color: #042A67;\n      border-radius: 5px;\n      cursor: pointer;\n      transition: all 0.3s ease;\n    }\n\n    .tabs button:hover,\n    .tabs button.active {\n      background-color: #042A67;\n      color: #fff;\n    }\n\n    .tab-content {\n      display: none;\n      animation: fadeIn 0.5s;\n    }\n\n    .tab-content.active {\n      display: block;\n    }\n\n    .tab-content h2 {\n      font-size: 2rem;\n      color: #042A67;\n      margin-bottom: 15px;\n    }\n\n    .tab-content ul {\n      margin-bottom: 15px;\n    }\n\n    .tab-content ul li {\n      margin-bottom: 10px;\n    }\n\n    .tab-content ul li strong {\n      color: #042A67;\n    }\n\n    .images {\n      display: flex;\n      gap: 10px;\n      margin-top: 20px;\n    }\n\n    .images img {\n      width: 100%;\n      height: 200px; \/* Consistent image height *\/\n      object-fit: cover;\n      border-radius: 8px;\n      box-shadow: 0 4px 8px rgba(0, 0, 0, 0.1);\n      transition: transform 0.3s ease;\n    }\n\n    .images img:hover {\n      transform: scale(1.05);\n    }\n\n    @keyframes fadeIn {\n      from {\n        opacity: 0;\n      }\n      to {\n        opacity: 1;\n      }\n    }\n\n@media (max-width: 1191px) {\n    .images {\n      flex-wrap: wrap;\n      gap: 10px;\n    }\n\n    .images img {\n      height: 180px; \/* Ajustare pentru dimensiuni medii *\/\n    }\n .tabs {\n        flex-wrap: wrap;\n      }\n\n      .tabs button {\n        flex: 1 1 calc(50% - 10px);\n        font-size: 14px;\n      }\n \n  }\n    @media (max-width: 768px) {\n      .images {\n        flex-wrap: wrap;\n        gap: 5px;\n      }\n\n      .images img {\n        height: 150px;\n      }\n\n      .tabs {\n        flex-wrap: wrap;\n      }\n\n      .tabs button {\n        flex: 1 1 calc(50% - 10px);\n        font-size: 14px;\n      }\n    }\n\n    @media (max-width: 480px) {\n      .images img {\n        height: 100px;\n      }\n    }\n  <\/style>\n<\/head>\n<body>\n\n<div class=\"section-banner\">\n  <h1>\u0421\u0438\u0434\u0435, \u0422\u0443\u0440\u0446\u0438\u044f \u2013 \u0412\u0441\u0442\u0440\u0435\u0447\u0430 \u0418\u0441\u0442\u043e\u0440\u0438\u0438 \u0438 \u041e\u0442\u0434\u044b\u0445\u0430<\/h1>\n<\/div>\n\n<div class=\"content\">\n  <div class=\"tabs\">\n    <button class=\"tab-link active\" data-tab=\"tab1\">\u041e \u0421\u0438\u0434\u0435<\/button>\n    <button class=\"tab-link\" data-tab=\"tab2\">\u0422\u0443\u0440\u0438\u0441\u0442\u0438\u0447\u0435\u0441\u043a\u0438\u0435 \u0434\u043e\u0441\u0442\u043e\u043f\u0440\u0438\u043c\u0435\u0447\u0430\u0442\u0435\u043b\u044c\u043d\u043e\u0441\u0442\u0438<\/button>\n    <button class=\"tab-link\" data-tab=\"tab3\">\u0410\u043a\u0442\u0438\u0432\u043d\u044b\u0439 \u043e\u0442\u0434\u044b\u0445 \u0438 \u043f\u0440\u0438\u043a\u043b\u044e\u0447\u0435\u043d\u0438\u044f<\/button>\n    <button class=\"tab-link\" data-tab=\"tab4\">\u0413\u0430\u0441\u0442\u0440\u043e\u043d\u043e\u043c\u0438\u044f<\/button>\n  <\/div>\n\n  <div id=\"tab1\" class=\"tab-content active\">\n    <h2>\u041e \u0421\u0438\u0434\u0435<\/h2>\n    <p>\u0421\u0438\u0434\u0435 \u2013 \u044d\u0442\u043e \u043f\u043e\u0442\u0440\u044f\u0441\u0430\u044e\u0449\u0438\u0439 \u043a\u0443\u0440\u043e\u0440\u0442, \u0440\u0430\u0441\u043f\u043e\u043b\u043e\u0436\u0435\u043d\u043d\u044b\u0439 \u043d\u0430 \u043f\u043e\u0431\u0435\u0440\u0435\u0436\u044c\u0435 \u0421\u0440\u0435\u0434\u0438\u0437\u0435\u043c\u043d\u043e\u0433\u043e \u043c\u043e\u0440\u044f \u0432 \u0422\u0443\u0440\u0446\u0438\u0438, \u0438\u0437\u0432\u0435\u0441\u0442\u043d\u044b\u0439 \u0441\u0432\u043e\u0438\u043c\u0438 \u0437\u043e\u043b\u043e\u0442\u044b\u043c\u0438 \u043f\u043b\u044f\u0436\u0430\u043c\u0438, \u0437\u0430\u0445\u0432\u0430\u0442\u044b\u0432\u0430\u044e\u0449\u0438\u043c\u0438 \u0438\u0441\u0442\u043e\u0440\u0438\u0447\u0435\u0441\u043a\u0438\u043c\u0438 \u043f\u0430\u043c\u044f\u0442\u043d\u0438\u043a\u0430\u043c\u0438 \u0438 \u0447\u0430\u0440\u0443\u044e\u0449\u0435\u0439 \u0430\u0442\u043c\u043e\u0441\u0444\u0435\u0440\u043e\u0439, \u0441\u043e\u0447\u0435\u0442\u0430\u044e\u0449\u0435\u0439 \u0441\u043b\u0430\u0432\u043d\u043e\u0435 \u043f\u0440\u043e\u0448\u043b\u043e\u0435 \u0441 \u0441\u043e\u0432\u0440\u0435\u043c\u0435\u043d\u043d\u044b\u043c \u043a\u043e\u043c\u0444\u043e\u0440\u0442\u043e\u043c.\n\n\u0421\u0438\u0434\u0435 \u0432\u043e\u0441\u0445\u0438\u0449\u0430\u0435\u0442 \u0441\u0432\u043e\u0438\u043c\u0438 \u043f\u0440\u0438\u0440\u043e\u0434\u043d\u044b\u043c\u0438 \u043f\u0435\u0439\u0437\u0430\u0436\u0430\u043c\u0438. \u041a\u0440\u0438\u0441\u0442\u0430\u043b\u044c\u043d\u043e \u0447\u0438\u0441\u0442\u044b\u0435 \u0432\u043e\u0434\u044b \u0421\u0440\u0435\u0434\u0438\u0437\u0435\u043c\u043d\u043e\u0433\u043e \u043c\u043e\u0440\u044f \u0432\u0441\u0442\u0440\u0435\u0447\u0430\u044e\u0442\u0441\u044f \u0441 \u043f\u0440\u043e\u0442\u044f\u0436\u0435\u043d\u043d\u044b\u043c\u0438 \u0437\u043e\u043b\u043e\u0442\u044b\u043c\u0438 \u043f\u0435\u0441\u0447\u0430\u043d\u044b\u043c\u0438 \u043f\u043b\u044f\u0436\u0430\u043c\u0438, \u0441\u043e\u0437\u0434\u0430\u0432\u0430\u044f \u0438\u0434\u0435\u0430\u043b\u044c\u043d\u0443\u044e \u043e\u0431\u0441\u0442\u0430\u043d\u043e\u0432\u043a\u0443 \u0434\u043b\u044f \u043e\u0442\u0434\u044b\u0445\u0430 \u0438 \u0440\u0435\u043b\u0430\u043a\u0441\u0430\u0446\u0438\u0438. \u041a\u0443\u0440\u043e\u0440\u0442 \u043e\u043a\u0440\u0443\u0436\u0435\u043d \u0440\u043e\u0441\u043a\u043e\u0448\u043d\u044b\u043c\u0438 \u0441\u0430\u0434\u0430\u043c\u0438 \u0438 \u043f\u0430\u043b\u044c\u043c\u0430\u043c\u0438, \u0447\u0442\u043e \u043f\u0440\u0438\u0434\u0430\u0435\u0442 \u0435\u043c\u0443 \u044d\u043a\u0437\u043e\u0442\u0438\u0447\u0435\u0441\u043a\u0438\u0439 \u0448\u0430\u0440\u043c, \u043a\u043e\u0442\u043e\u0440\u044b\u0439 \u043f\u0440\u0438\u0432\u043b\u0435\u043a\u0430\u0435\u0442 \u0442\u0443\u0440\u0438\u0441\u0442\u043e\u0432 \u0441\u043e \u0432\u0441\u0435\u0433\u043e \u043c\u0438\u0440\u0430.<\/p>\n    <div class=\"images\">\n      <img decoding=\"async\" src=\"https:\/\/www.turkishrivierahomes.com\/wp-content\/uploads\/2019\/02\/Side-Antalya-Turkey.jpg\" alt=\"Side 1\">\n      <img decoding=\"async\" src=\"https:\/\/d32ex7notsszg6.cloudfront.net\/img\/content\/48626_Side%20in%20Antalya%20Turkey.jpg\" alt=\"Side 2\">\n      <img decoding=\"async\" src=\"https:\/\/d32ex7notsszg6.cloudfront.net\/img\/content\/14755_Side%20ancient%20ruins.jpg\" alt=\"Side 3\">\n    <\/div>\n  <\/div>\n\n  <div id=\"tab2\" class=\"tab-content\">\n    <h2>\u0422\u0443\u0440\u0438\u0441\u0442\u0438\u0447\u0435\u0441\u043a\u0438\u0435 \u0434\u043e\u0441\u0442\u043e\u043f\u0440\u0438\u043c\u0435\u0447\u0430\u0442\u0435\u043b\u044c\u043d\u043e\u0441\u0442\u0438<\/h2>\n    <ul>\n      <li><strong>\u0414\u0440\u0435\u0432\u043d\u0438\u0435 \u0440\u0443\u0438\u043d\u044b:<\/strong> \u0425\u0440\u0430\u043c \u0410\u043f\u043e\u043b\u043b\u043e\u043d\u0430, \u0410\u0433\u043e\u0440\u0430 \u0438 \u0440\u0438\u043c\u0441\u043a\u0438\u0439 \u0442\u0435\u0430\u0442\u0440 \u044f\u0432\u043b\u044f\u044e\u0442\u0441\u044f \u043e\u0441\u043d\u043e\u0432\u043d\u044b\u043c\u0438 \u0434\u043e\u0441\u0442\u043e\u043f\u0440\u0438\u043c\u0435\u0447\u0430\u0442\u0435\u043b\u044c\u043d\u043e\u0441\u0442\u044f\u043c\u0438.<\/li>\n      <li><strong>\u041f\u043e\u0440\u0442 \u0432 \u0421\u0438\u0434\u0435:<\/strong> \u0418\u0434\u0435\u0430\u043b\u044c\u043d\u043e \u043f\u043e\u0434\u0445\u043e\u0434\u0438\u0442 \u0434\u043b\u044f \u043f\u0440\u043e\u0433\u0443\u043b\u043e\u043a \u0438 \u0440\u043e\u043c\u0430\u043d\u0442\u0438\u0447\u0435\u0441\u043a\u0438\u0445 \u0443\u0436\u0438\u043d\u043e\u0432.<\/li>\n      <li><strong>\u0412\u043e\u0434\u043e\u043f\u0430\u0434\u044b \u041c\u0430\u043d\u0430\u0432\u0433\u0430\u0442:<\/strong> \u0418\u0434\u0435\u0430\u043b\u044c\u043d\u043e\u0435 \u043c\u0435\u0441\u0442\u043e \u0434\u043b\u044f \u043e\u0442\u0434\u044b\u0445\u0430 \u043d\u0430 \u043f\u0440\u0438\u0440\u043e\u0434\u0435.<\/li>\n    <\/ul>\n    <div class=\"images\">\n      <img decoding=\"async\" src=\"https:\/\/cdn.britannica.com\/79\/179079-050-90061AAE\/Ruins-Vespasian-Gate-Side-Turkey.jpg\" alt=\"Atrac\u021bii 1\">\n      <img decoding=\"async\" src=\"https:\/\/images.musement.com\/cover\/0016\/94\/fotolia-191164959-subscription-xxl-jpg_header-1593354.jpeg\" alt=\"Atrac\u021bii 2\">\n      <img decoding=\"async\" src=\"https:\/\/cdn.getyourguide.com\/img\/location\/5729af66ad781.jpeg\/99.jpg\" alt=\"Atrac\u021bii 3\">\n    <\/div>\n  <\/div>\n\n  <div id=\"tab3\" class=\"tab-content\">\n    <h2>\u0410\u043a\u0442\u0438\u0432\u043d\u044b\u0439 \u043e\u0442\u0434\u044b\u0445 \u0438 \u043f\u0440\u0438\u043a\u043b\u044e\u0447\u0435\u043d\u0438\u044f<\/h2>\n    <ul>\n      <li><strong>\u0412\u043e\u0434\u043d\u044b\u0435 \u0432\u0438\u0434\u044b \u0441\u043f\u043e\u0440\u0442\u0430:<\/strong> \u0413\u0438\u0434\u0440\u043e\u0446\u0438\u043a\u043b, \u043f\u0430\u0440\u0430\u0441\u0435\u0439\u043b\u0438\u043d\u0433 \u0438 \u0434\u0430\u0439\u0432\u0438\u043d\u0433.<\/li>\n      <li><strong>\u041f\u0440\u043e\u0433\u0443\u043b\u043a\u0438 \u043d\u0430 \u043b\u043e\u0434\u043a\u0435:<\/strong> \u041a\u0440\u0443\u0438\u0437\u044b \u0432\u0434\u043e\u043b\u044c \u043f\u043e\u0431\u0435\u0440\u0435\u0436\u044c\u044f \u0434\u043b\u044f \u0438\u0437\u0443\u0447\u0435\u043d\u0438\u044f \u0443\u0434\u0438\u0432\u0438\u0442\u0435\u043b\u044c\u043d\u044b\u0445 \u043f\u0435\u0439\u0437\u0430\u0436\u0435\u0439.<\/li>\n      <li><strong>\u041f\u043e\u0445\u043e\u0434\u044b:<\/strong> \u041c\u0430\u0440\u0448\u0440\u0443\u0442\u044b \u0432\u043e\u043a\u0440\u0443\u0433 \u0432\u043e\u0434\u043e\u043f\u0430\u0434\u0430 \u041c\u0430\u043d\u0430\u0432\u0433\u0430\u0442 \u0438 \u043d\u0430\u0446\u0438\u043e\u043d\u0430\u043b\u044c\u043d\u043e\u0433\u043e \u043f\u0430\u0440\u043a\u0430 \u041e\u0439\u043c\u0430\u043f\u044b\u043d\u0430\u0440.<\/li>\n    <\/ul>\n    <div class=\"images\">\n      <img decoding=\"async\" src=\"https:\/\/excursionmania.com\/wp-content\/uploads\/2001\/12\/side-sualti-muzesi-2.jpg\" alt=\"Aventur\u0103 1\">\n      <img decoding=\"async\" src=\"https:\/\/bookfromlocals.com\/wp-content\/uploads\/2023\/03\/Green-Canyon.jpg.webp\" alt=\"Aventur\u0103 2\">\n      <img decoding=\"async\" src=\"https:\/\/dynamic-media-cdn.tripadvisor.com\/media\/photo-o\/2c\/2d\/28\/07\/caption.jpg?w=500&h=400&s=1\" alt=\"Aventur\u0103 3\">\n    <\/div>\n  <\/div>\n\n  <div id=\"tab4\" class=\"tab-content\">\n    <h2>\u0413\u0430\u0441\u0442\u0440\u043e\u043d\u043e\u043c\u0438\u044f<\/h2>\n    <ul>\n      <li><strong>\u0420\u0430\u0437\u043d\u043e\u043e\u0431\u0440\u0430\u0437\u043d\u044b\u0435 \u043a\u0435\u0431\u0430\u0431\u044b:<\/strong> \u0410\u0434\u0430\u043d\u0430, \u0428\u0438\u0448 \u0438 \u0418\u0441\u043a\u0435\u043d\u0434\u0435\u0440 \u044f\u0432\u043b\u044f\u044e\u0442\u0441\u044f \u0441\u0430\u043c\u044b\u043c\u0438 \u043f\u043e\u043f\u0443\u043b\u044f\u0440\u043d\u044b\u043c\u0438.<\/li>\n      <li><strong>\u0411\u0430\u043a\u043b\u0430\u0432\u0430:<\/strong> \u042d\u043c\u0431\u043b\u0435\u043c\u0430\u0442\u0438\u0447\u0435\u0441\u043a\u0438\u0439 \u0441\u043b\u0430\u0434\u043a\u0438\u0439 \u0434\u0435\u0441\u0435\u0440\u0442 \u0422\u0443\u0440\u0446\u0438\u0438.<\/li>\n      <li><strong>\u041c\u043e\u0440\u0435\u043f\u0440\u043e\u0434\u0443\u043a\u0442\u044b:<\/strong> \u0421\u0432\u0435\u0436\u0438\u0435 \u0438 \u0432\u043a\u0443\u0441\u043d\u043e \u043f\u0440\u0438\u0433\u043e\u0442\u043e\u0432\u043b\u0435\u043d\u043d\u044b\u0435, \u0438\u0434\u0435\u0430\u043b\u044c\u043d\u043e \u043f\u043e\u0434\u0445\u043e\u0434\u044f\u0449\u0438\u0435 \u0434\u043b\u044f \u0433\u0443\u0440\u043c\u0430\u043d\u043e\u0432.<\/li>\n    <\/ul>\n    <div class=\"images\">\n      <img decoding=\"async\" src=\"https:\/\/sf.ezoiccdn.com\/ezoimgfmt\/antalyatouristinformation.com\/wp-content\/uploads\/2021\/04\/Kebab-in-Turkey.jpg?ezimgfmt=rs:372x248\/rscb1\/ng:webp\/ngcb1\" alt=\"Gastronomie 1\">\n      <img decoding=\"async\" src=\"https:\/\/media.cnn.com\/api\/v1\/images\/stellar\/prod\/200401171650-04-best-turkish-foods-kisir.jpg?q=w_3000,h_1688,x_0,y_0,c_fill\/h_447\" alt=\"Gastronomie 2\">\n      <img decoding=\"async\" src=\"https:\/\/cdn-mamafatma.b-cdn.net\/wp-content\/uploads\/2024\/01\/4-2.jpg\" alt=\"Gastronomie 3\">\n    <\/div>\n  <\/div>\n<\/div>\n\n<script>\n  const tabLinks = document.querySelectorAll('.tab-link');\n  const tabContents = document.querySelectorAll('.tab-content');\n\n  tabLinks.forEach(link => {\n    link.addEventListener('click', () => {\n      tabLinks.forEach(item => item.classList.remove('active'));\n      tabContents.forEach(content => content.classList.remove('active'));\n\n      link.classList.add('active');\n      document.getElementById(link.dataset.tab).classList.add('active');\n    });\n  });\n<\/script>\n\n<\/body>\n<\/html>\n\n\t\t<\/div>\n\t<\/div>\n<div class=\"vc_empty_space\"   style=\"height: 32px\"><span class=\"vc_empty_space_inner\"><\/span><\/div>\n\t<div class=\"wpb_raw_code wpb_raw_html wpb_content_element\" >\n\t\t<div class=\"wpb_wrapper\">\n\t\t\t<div class='block_promo_prices' category_id='14' limit='3'><\/div>\n\t\t<\/div>\n\t<\/div>\n<div class=\"vc_empty_space\"   style=\"height: 32px\"><span class=\"vc_empty_space_inner\"><\/span><\/div><\/div>\n\t<\/div> \n<\/div><!--End .row--><\/div><!--End .container--><\/div>\n<\/div>","protected":false},"excerpt":{"rendered":"Side, Turcia Side, Turcia \u2013 \u00cent\u00e2lnirea dintre Istorie \u0219i Relaxare Despre Side Atrac\u021bii turistice Activit\u0103\u021bi de Aventur\u0103 Gastronomie Despre Side Side este o sta\u021biune spectaculoas\u0103 situat\u0103 pe coasta mediteranean\u0103 a Turciei, renumit\u0103 pentru plajele sale aurii, vestigiile istorice fascinante \u0219i atmosfera fermec\u0103toare care \u00eembin\u0103 trecutul glorios cu confortul modern. Side este o destina\u021bie care impresioneaz\u0103 [...]","protected":false},"author":1,"featured_media":10581,"parent":0,"menu_order":0,"comment_status":"closed","ping_status":"closed","template":"","meta":{"footnotes":""},"class_list":["post-10787","page","type-page","status-publish","has-post-thumbnail","hentry"],"_links":{"self":[{"href":"https:\/\/ceaika-tur.md\/ru\/wp-json\/wp\/v2\/pages\/10787","targetHints":{"allow":["GET"]}}],"collection":[{"href":"https:\/\/ceaika-tur.md\/ru\/wp-json\/wp\/v2\/pages"}],"about":[{"href":"https:\/\/ceaika-tur.md\/ru\/wp-json\/wp\/v2\/types\/page"}],"author":[{"embeddable":true,"href":"https:\/\/ceaika-tur.md\/ru\/wp-json\/wp\/v2\/users\/1"}],"replies":[{"embeddable":true,"href":"https:\/\/ceaika-tur.md\/ru\/wp-json\/wp\/v2\/comments?post=10787"}],"version-history":[{"count":10,"href":"https:\/\/ceaika-tur.md\/ru\/wp-json\/wp\/v2\/pages\/10787\/revisions"}],"predecessor-version":[{"id":11698,"href":"https:\/\/ceaika-tur.md\/ru\/wp-json\/wp\/v2\/pages\/10787\/revisions\/11698"}],"wp:featuredmedia":[{"embeddable":true,"href":"https:\/\/ceaika-tur.md\/ru\/wp-json\/wp\/v2\/media\/10581"}],"wp:attachment":[{"href":"https:\/\/ceaika-tur.md\/ru\/wp-json\/wp\/v2\/media?parent=10787"}],"curies":[{"name":"wp","href":"https:\/\/api.w.org\/{rel}","templated":true}]}}