{"id":8028,"date":"2018-12-10T03:06:47","date_gmt":"2018-12-10T03:06:47","guid":{"rendered":"http:\/\/travelhotel.wpengine.com\/?page_id=8028"},"modified":"2025-01-22T11:14:06","modified_gmt":"2025-01-22T08:14:06","slug":"despre-noi","status":"publish","type":"page","link":"https:\/\/ceaika-tur.md\/ru\/despre-noi\/","title":{"rendered":"\u041e \u043d\u0430\u0441"},"content":{"rendered":"<div class=\"wpb-content-wrapper\"><div class=\"vc_row wpb_row st bg-holder\"><div class='container'><div class='row'>\n\t<div class=\"wpb_column column_container col-md-12\"><div class=\"vc_column-inner wpb_wrapper\">\n\t\t\t<div class=\"vc_empty_space\"   style=\"height: 32px\"><span class=\"vc_empty_space_inner\"><\/span><\/div>\n\t<div class=\"wpb_raw_code wpb_raw_html wpb_content_element\" >\n\t\t<div class=\"wpb_wrapper\">\n\t\t\t<!DOCTYPE html>\n<html lang=\"ro\">\n<head>\n    <meta charset=\"UTF-8\">\n    <meta name=\"viewport\" content=\"width=device-width, initial-scale=1.0\">\n    <title>Despre Noi<\/title>\n    <style>\n        \/* Stiluri generale *\/\n        body {\n            margin: 0;\n            font-family: 'Georgia', serif;\n            background-color: #f0f8ff; \/* Fundal albastru deschis *\/\n            color: #333;\n        }\n\n        section {\n            background-color: #f0f8ff; \/* Fundal albastru deschis *\/\n            padding: 40px 20px;\n        }\n\n        section h2 {\n            color: #003366; \/* Albastru \u00eenchis *\/\n            font-size: 36px;\n            text-align: center;\n            margin-bottom: 20px;\n        }\n\n        section p {\n            color: #0056b3; \/* Albastru mediu *\/\n            font-size: 18px;\n            line-height: 1.8;\n            text-align: center;\n            margin-bottom: 30px;\n        }\n\n        .info-container {\n            display: flex;\n            flex-wrap: wrap;\n            gap: 20px;\n            justify-content: center;\n            max-width: 1200px;\n            margin: 0 auto;\n        }\n\n        .info-box {\n            flex: 1 1 300px;\n            background-color: #003366; \/* Albastru \u00eenchis *\/\n            color: #ffffff;\n            padding: 20px;\n            border-radius: 8px;\n            box-shadow: 0 4px 8px rgba(0, 0, 0, 0.1);\n            text-align: center; \/* Text centrat *\/\n        }\n\n        .info-box:nth-child(2) {\n            background-color: #0056b3; \/* Albastru mediu *\/\n        }\n\n        .info-box h3 {\n            font-size: 24px;\n            margin-bottom: 10px;\n            color: #ffffff;\n        }\n\n        .info-box p {\n            font-size: 16px;\n            line-height: 1.6;\n            color: #0056b3; \/* Albastru mediu pentru text descriptiv *\/\n        }\n\n        .info-box:nth-child(2) ul {\n            list-style-type: disc;\n            padding-left: 20px;\n            text-align: left;\n        }\n\n        .info-box:nth-child(2) ul li {\n            font-size: 16px;\n            line-height: 1.6;\n            margin-bottom: 10px;\n            color: #003366; \/* Albastru \u00eenchis *\/\n        }\n\n        \/* Responsivitate *\/\n        @media (max-width: 768px) {\n            section h2 {\n                font-size: 28px;\n            }\n            .info-box {\n                padding: 15px;\n            }\n        }\n    <\/style>\n<\/head>\n<body>\n    <section>\n        <h2>\u041e \u041d\u0430\u0441<\/h2>\n        <p>\n            Ciaica Tur, \u043e\u0441\u043d\u043e\u0432\u0430\u043d\u043d\u0430\u044f \u0432 2010 \u0433\u043e\u0434\u0443 \u0432 \u041e\u0440\u0445\u0435\u0435, \u0420\u0435\u0441\u043f\u0443\u0431\u043b\u0438\u043a\u0430 \u041c\u043e\u043b\u0434\u043e\u0432\u0430, \u2014 \u044d\u0442\u043e \u0442\u0443\u0440\u0438\u0441\u0442\u0438\u0447\u0435\u0441\u043a\u043e\u0435 \u0430\u0433\u0435\u043d\u0442\u0441\u0442\u0432\u043e, \u043a\u043e\u0442\u043e\u0440\u043e\u0435 \u0432\u044b\u0434\u0435\u043b\u044f\u0435\u0442\u0441\u044f \u043f\u0440\u043e\u0444\u0435\u0441\u0441\u0438\u043e\u043d\u0430\u043b\u0438\u0437\u043c\u043e\u043c \u0438 \u0441\u0442\u0440\u0430\u0441\u0442\u044c\u044e \u043a \u043f\u0443\u0442\u0435\u0448\u0435\u0441\u0442\u0432\u0438\u044f\u043c. \u0411\u043b\u0430\u0433\u043e\u0434\u0430\u0440\u044f \u0448\u0438\u0440\u043e\u043a\u043e\u043c\u0443 \u0441\u043f\u0435\u043a\u0442\u0440\u0443 \u0443\u0441\u043b\u0443\u0433, \u0430\u0433\u0435\u043d\u0442\u0441\u0442\u0432\u043e \u043f\u0440\u0435\u0434\u043b\u0430\u0433\u0430\u0435\u0442 \u043f\u0435\u0440\u0441\u043e\u043d\u0430\u043b\u0438\u0437\u0438\u0440\u043e\u0432\u0430\u043d\u043d\u044b\u0435 \u0432\u043f\u0435\u0447\u0430\u0442\u043b\u0435\u043d\u0438\u044f \u0438 \u044d\u0444\u0444\u0435\u043a\u0442\u0438\u0432\u043d\u044b\u0435 \u0442\u0440\u0430\u043d\u0441\u043f\u043e\u0440\u0442\u043d\u044b\u0435 \u0440\u0435\u0448\u0435\u043d\u0438\u044f.\n        <\/p>\n        \n        <div class=\"info-container\">\n            <!-- Prima Caset\u0103 -->\n            <div class=\"info-box\">\n                <h3>\u041d\u0430\u0448\u0430 \u043c\u0438\u0441\u0441\u0438\u044f<\/h3>\n                <p>\n                    \u041f\u0440\u0435\u0432\u0440\u0430\u0442\u0438\u0442\u044c \u043a\u0430\u0436\u0434\u043e\u0435 \u043f\u0443\u0442\u0435\u0448\u0435\u0441\u0442\u0432\u0438\u0435 \u0432 \u043d\u0435\u0437\u0430\u0431\u044b\u0432\u0430\u0435\u043c\u044b\u0439 \u043e\u043f\u044b\u0442, \u043f\u0440\u0435\u0434\u043b\u0430\u0433\u0430\u044f \u0443\u0441\u043b\u0443\u0433\u0438 \u0432\u044b\u0441\u043e\u0447\u0430\u0439\u0448\u0435\u0433\u043e \u043a\u0430\u0447\u0435\u0441\u0442\u0432\u0430 \u0438 \u0438\u043d\u0434\u0438\u0432\u0438\u0434\u0443\u0430\u043b\u044c\u043d\u043e \u043f\u043e\u0434\u043e\u0431\u0440\u0430\u043d\u043d\u044b\u0435 \u043f\u0430\u043a\u0435\u0442\u044b \u0434\u043b\u044f \u043b\u044e\u0431\u044b\u0445 \u043f\u0440\u0435\u0434\u043f\u043e\u0447\u0442\u0435\u043d\u0438\u0439.\n                <\/p>\n            <\/div>\n            <!-- A Doua Caset\u0103 -->\n            <div class=\"info-box\">\n                <h3>\u041f\u0440\u0435\u0434\u043e\u0441\u0442\u0430\u0432\u043b\u044f\u0435\u043c\u044b\u0435 \u0443\u0441\u043b\u0443\u0433\u0438<\/h3>\n                <ul>\n                    <li>\u0422\u0440\u0430\u043d\u0441\u043f\u043e\u0440\u0442 \u043d\u0430 \u0437\u0430\u043a\u0430\u0437 \u0434\u043b\u044f \u0441\u0432\u0430\u0434\u0435\u0431, \u043a\u0440\u0435\u0441\u0442\u0438\u043d \u0438 \u044d\u043a\u0441\u043a\u0443\u0440\u0441\u0438\u0439.<\/li>\n                    <li>\u041e\u0440\u0433\u0430\u043d\u0438\u0437\u0430\u0446\u0438\u044f \u044d\u043a\u0437\u043e\u0442\u0438\u0447\u0435\u0441\u043a\u0438\u0445 \u0442\u0443\u0440\u043e\u0432, \u0442\u0430\u043a\u0438\u0445 \u043a\u0430\u043a \u041c\u0430\u043b\u044c\u0434\u0438\u0432\u0441\u043a\u0438\u0435 \u043e\u0441\u0442\u0440\u043e\u0432\u0430.<\/li>\n                    <li>\u0418\u043d\u0434\u0438\u0432\u0438\u0434\u0443\u0430\u043b\u044c\u043d\u044b\u0435 \u0442\u0443\u0440\u0438\u0441\u0442\u0438\u0447\u0435\u0441\u043a\u0438\u0435 \u043f\u0430\u043a\u0435\u0442\u044b \u0434\u043b\u044f \u043a\u0430\u0436\u0434\u043e\u0433\u043e \u043a\u043b\u0438\u0435\u043d\u0442\u0430.<\/li>\n                <\/ul>\n            <\/div>\n            <!-- A Treia Caset\u0103 -->\n            <div class=\"info-box\">\n                <h3>\u041d\u0430\u0448\u0438 \u0426\u0435\u043d\u043d\u043e\u0441\u0442\u0438<\/h3>\n                <p>\n                    **\u0423\u0432\u0430\u0436\u0435\u043d\u0438\u0435, \u043f\u0440\u043e\u0444\u0435\u0441\u0441\u0438\u043e\u043d\u0430\u043b\u0438\u0437\u043c \u0438 \u0441\u0442\u0440\u0430\u0441\u0442\u044c.**  \n\u041c\u044b \u0432\u0435\u0440\u0438\u043c \u0432 \u0441\u043e\u0437\u0434\u0430\u043d\u0438\u0435 \u0434\u043e\u043b\u0433\u043e\u0441\u0440\u043e\u0447\u043d\u044b\u0445 \u043e\u0442\u043d\u043e\u0448\u0435\u043d\u0438\u0439 \u0441 \u043d\u0430\u0448\u0438\u043c\u0438 \u043a\u043b\u0438\u0435\u043d\u0442\u0430\u043c\u0438, \u043e\u0441\u043d\u043e\u0432\u0430\u043d\u043d\u044b\u0445 \u043d\u0430 \u0434\u043e\u0432\u0435\u0440\u0438\u0438 \u0438 \u043f\u0440\u043e\u0437\u0440\u0430\u0447\u043d\u043e\u0441\u0442\u0438. \u041c\u044b \u0441\u0442\u0440\u0435\u043c\u0438\u043c\u0441\u044f \u043f\u0440\u0435\u0434\u043e\u0441\u0442\u0430\u0432\u043b\u044f\u0442\u044c \u0443\u0441\u043b\u0443\u0433\u0438, \u043a\u043e\u0442\u043e\u0440\u044b\u0435 \u043e\u0442\u0440\u0430\u0436\u0430\u044e\u0442 \u044d\u0442\u0438 \u0446\u0435\u043d\u043d\u043e\u0441\u0442\u0438 \u0432 \u043a\u0430\u0436\u0434\u043e\u043c \u0432\u0437\u0430\u0438\u043c\u043e\u0434\u0435\u0439\u0441\u0442\u0432\u0438\u0438 \u0441 \u043d\u0430\u0448\u0438\u043c\u0438 \u043a\u043b\u0438\u0435\u043d\u0442\u0430\u043c\u0438.\n                <\/p>\n            <\/div>\n        <\/div>\n    <\/section>\n<\/body>\n<\/html>\n\n\t\t<\/div>\n\t<\/div>\n\n\t<div class=\"wpb_raw_code wpb_raw_html wpb_content_element\" >\n\t\t<div class=\"wpb_wrapper\">\n\t\t\t<!DOCTYPE html>\n<html lang=\"ro\">\n<head>\n    <meta charset=\"UTF-8\">\n    <meta name=\"viewport\" content=\"width=device-width, initial-scale=1.0\">\n    <title>Container Imagine Full Width<\/title>\n    <style>\n        \/* Stiluri generale *\/\n        body {\n            margin: 0;\n            font-family: 'Georgia', serif;\n        }\n\n        \/* Container imagine full width *\/\n        .full-width-image {\n            width: 100%;\n            height: 400px; \/* \u00cen\u0103l\u021bimea imaginii, poate fi ajustat\u0103 *\/\n            background-image: url('https:\/\/travel-blue.com\/wp-content\/uploads\/2022\/05\/we-are-travel.jpg'); \/* \u00cenlocuie\u0219te cu URL-ul imaginii tale *\/\n            background-size: cover; \/* Imaginea acoper\u0103 \u00eentreaga zon\u0103 *\/\n            background-position: center; \/* Imaginea este centrat\u0103 *\/\n            background-repeat: no-repeat;\n        }\n\n        \/* Text suprapus *\/\n        .image-text {\n            position: relative;\n            top: 50%;\n            transform: translateY(-50%);\n            text-align: center;\n            color: white;\n            font-size: 32px;\n            font-weight: bold;\n            text-shadow: 0 2px 4px rgba(0, 0, 0, 0.7);\n        }\n    <\/style>\n<\/head>\n<body>\n    <!-- Container imagine full width -->\n    <div class=\"full-width-image\">\n        <div class=\"image-text\">\n            \n        <\/div>\n    <\/div>\n<\/body>\n<\/html>\n\n\t\t<\/div>\n\t<\/div>\n<div class=\"vc_empty_space\"   style=\"height: 32px\"><span class=\"vc_empty_space_inner\"><\/span><\/div><\/div>\n\t<\/div> \n<\/div><!--End .row--><\/div><!--End .container--><\/div><div data-vc-full-width=\"true\" data-vc-full-width-init=\"false\" data-vc-stretch-content=\"true\" class=\"vc_row wpb_row st bg-holder vc_row-no-padding\"><div class='container-fluid'> <div class='row'>\n\t<div class=\"wpb_column column_container col-md-12 vc_custom_1543386510262\"><div class=\"vc_column-inner wpb_wrapper\">\n\t\t\t<div class=\"st-aboutus-gallery\">\r\n            <div class=\"st-flickity st-gallery\">\r\n            <div class=\"carousel\"\r\n                 data-flickity='{ \"wrapAround\": true, \"pageDots\": true , \"autoPlay\" : true}'>\r\n                                    <div class=\"item\" style=\"background-image: url('https:\/\/placehold.co\/600x400')\"><\/div>\r\n                                        <div class=\"item\" style=\"background-image: url('https:\/\/placehold.co\/600x400')\"><\/div>\r\n                                        <div class=\"item\" style=\"background-image: url('https:\/\/placehold.co\/600x400')\"><\/div>\r\n                                        <div class=\"item\" style=\"background-image: url('https:\/\/placehold.co\/600x400')\"><\/div>\r\n                                        <div class=\"item\" style=\"background-image: url('https:\/\/placehold.co\/600x400')\"><\/div>\r\n                                        <div class=\"item\" style=\"background-image: url('https:\/\/placehold.co\/600x400')\"><\/div>\r\n                                <\/div>\r\n            <div class=\"slogan\">\r\n                <h4>Life at Traveler<\/h4>\r\n                                        <a href=\"#link-to\" target=\"\" class=\"btn btn-primary\">Join Our Team<\/a>\r\n                                <\/div>\r\n        <\/div>\r\n    <\/div>\r\n<\/div>\n\t<\/div> \n<\/div><!--End .row--><\/div><!--End .container--><\/div><div class=\"vc_row-full-width vc_clearfix\"><\/div>\n<\/div>","protected":false},"excerpt":{"rendered":"Despre Noi Despre Noi Ciaica Tur, fondat\u0103 \u00een 2010 \u00een Orhei, Republica Moldova, este o agen\u021bie de turism ce se remarc\u0103 prin profesionalism \u0219i pasiune pentru c\u0103l\u0103torii. Cu o gam\u0103 larg\u0103 de servicii, agen\u021bia aduce laolalt\u0103 experien\u021be personalizate \u0219i solu\u021bii de transport eficiente. Misiunea Noastr\u0103 S\u0103 transform\u0103m fiecare c\u0103l\u0103torie \u00eentr-o experien\u021b\u0103 de neuitat, oferind servicii [...]","protected":false},"author":1,"featured_media":8141,"parent":0,"menu_order":0,"comment_status":"closed","ping_status":"closed","template":"template-home-modern.php","meta":{"footnotes":""},"class_list":["post-8028","page","type-page","status-publish","has-post-thumbnail","hentry"],"_links":{"self":[{"href":"https:\/\/ceaika-tur.md\/ru\/wp-json\/wp\/v2\/pages\/8028","targetHints":{"allow":["GET"]}}],"collection":[{"href":"https:\/\/ceaika-tur.md\/ru\/wp-json\/wp\/v2\/pages"}],"about":[{"href":"https:\/\/ceaika-tur.md\/ru\/wp-json\/wp\/v2\/types\/page"}],"author":[{"embeddable":true,"href":"https:\/\/ceaika-tur.md\/ru\/wp-json\/wp\/v2\/users\/1"}],"replies":[{"embeddable":true,"href":"https:\/\/ceaika-tur.md\/ru\/wp-json\/wp\/v2\/comments?post=8028"}],"version-history":[{"count":11,"href":"https:\/\/ceaika-tur.md\/ru\/wp-json\/wp\/v2\/pages\/8028\/revisions"}],"predecessor-version":[{"id":11394,"href":"https:\/\/ceaika-tur.md\/ru\/wp-json\/wp\/v2\/pages\/8028\/revisions\/11394"}],"wp:featuredmedia":[{"embeddable":true,"href":"https:\/\/ceaika-tur.md\/ru\/wp-json\/"}],"wp:attachment":[{"href":"https:\/\/ceaika-tur.md\/ru\/wp-json\/wp\/v2\/media?parent=8028"}],"curies":[{"name":"wp","href":"https:\/\/api.w.org\/{rel}","templated":true}]}}